{"id":3799,"date":"2021-09-15T15:32:04","date_gmt":"2021-09-15T15:32:04","guid":{"rendered":"https:\/\/electric-chain-hoist.com\/paiements-securises\/"},"modified":"2023-08-23T15:11:50","modified_gmt":"2023-08-23T15:11:50","slug":"paiements-securises","status":"publish","type":"page","link":"https:\/\/www.electric-chain-hoist.com\/fr\/paiements-securises\/","title":{"rendered":"Paiements s\u00e9curis\u00e9s"},"content":{"rendered":"\t\t<div data-elementor-type=\"wp-page\" data-elementor-id=\"3799\" class=\"elementor elementor-3799\" data-elementor-post-type=\"page\">\n\t\t\t\t\t\t<section class=\"elementor-section elementor-top-section elementor-element elementor-element-6e91655 elementor-section-boxed elementor-section-height-default elementor-section-height-default\" data-id=\"6e91655\" data-element_type=\"section\" data-e-type=\"section\" data-settings=\"{&quot;background_background&quot;:&quot;classic&quot;}\">\n\t\t\t\t\t\t<div class=\"elementor-container elementor-column-gap-default\">\n\t\t\t\t\t<div class=\"elementor-column elementor-col-100 elementor-top-column elementor-element elementor-element-ff9822e\" data-id=\"ff9822e\" data-element_type=\"column\" data-e-type=\"column\">\n\t\t\t<div class=\"elementor-widget-wrap elementor-element-populated\">\n\t\t\t\t\t\t<div class=\"elementor-element elementor-element-4f676db elementor-widget elementor-widget-breadcrumbs\" data-id=\"4f676db\" data-element_type=\"widget\" data-e-type=\"widget\" data-widget_type=\"breadcrumbs.default\">\n\t\t\t\t<div class=\"elementor-widget-container\">\n\t\t\t\t\t<p id=\"breadcrumbs\"><span><span><a href=\"https:\/\/www.electric-chain-hoist.com\/fr\/\">Home<\/a><\/span><\/span><\/p>\t\t\t\t<\/div>\n\t\t\t\t<\/div>\n\t\t\t\t\t<\/div>\n\t\t<\/div>\n\t\t\t\t\t<\/div>\n\t\t<\/section>\n\t\t\t\t<section class=\"elementor-section elementor-top-section elementor-element elementor-element-75a7a16 elementor-section-boxed elementor-section-height-default elementor-section-height-default\" data-id=\"75a7a16\" data-element_type=\"section\" data-e-type=\"section\" data-settings=\"{&quot;background_background&quot;:&quot;classic&quot;}\">\n\t\t\t\t\t\t\t<div class=\"elementor-background-overlay\"><\/div>\n\t\t\t\t\t\t\t<div class=\"elementor-container elementor-column-gap-default\">\n\t\t\t\t\t<div class=\"elementor-column elementor-col-100 elementor-top-column elementor-element elementor-element-3e5e6d8\" data-id=\"3e5e6d8\" data-element_type=\"column\" data-e-type=\"column\">\n\t\t\t<div class=\"elementor-widget-wrap elementor-element-populated\">\n\t\t\t\t\t\t<div class=\"elementor-element elementor-element-8aa9fd8 elementor-widget elementor-widget-heading\" data-id=\"8aa9fd8\" data-element_type=\"widget\" data-e-type=\"widget\" data-widget_type=\"heading.default\">\n\t\t\t\t<div class=\"elementor-widget-container\">\n\t\t\t\t\t<h1 class=\"elementor-heading-title elementor-size-default\">Paiements s\u00e9curis\u00e9s<\/h1>\t\t\t\t<\/div>\n\t\t\t\t<\/div>\n\t\t\t\t\t<\/div>\n\t\t<\/div>\n\t\t\t\t\t<\/div>\n\t\t<\/section>\n\t\t\t\t<section class=\"elementor-section elementor-top-section elementor-element elementor-element-b6c673b elementor-section-boxed elementor-section-height-default elementor-section-height-default\" data-id=\"b6c673b\" data-element_type=\"section\" data-e-type=\"section\" data-settings=\"{&quot;background_background&quot;:&quot;classic&quot;}\">\n\t\t\t\t\t\t<div class=\"elementor-container elementor-column-gap-default\">\n\t\t\t\t\t<div class=\"elementor-column elementor-col-50 elementor-top-column elementor-element elementor-element-c6212f7\" data-id=\"c6212f7\" data-element_type=\"column\" data-e-type=\"column\">\n\t\t\t<div class=\"elementor-widget-wrap elementor-element-populated\">\n\t\t\t\t\t\t<div class=\"elementor-element elementor-element-1a0f78d elementor-widget elementor-widget-heading\" data-id=\"1a0f78d\" data-element_type=\"widget\" data-e-type=\"widget\" data-widget_type=\"heading.default\">\n\t\t\t\t<div class=\"elementor-widget-container\">\n\t\t\t\t\t<h3 class=\"elementor-heading-title elementor-size-default\">Paiements s\u00e9curis\u00e9s par Mollie<\/h3>\t\t\t\t<\/div>\n\t\t\t\t<\/div>\n\t\t\t\t<div class=\"elementor-element elementor-element-3396b9d elementor-widget-divider--view-line elementor-widget elementor-widget-divider\" data-id=\"3396b9d\" data-element_type=\"widget\" data-e-type=\"widget\" data-widget_type=\"divider.default\">\n\t\t\t\t<div class=\"elementor-widget-container\">\n\t\t\t\t\t\t\t<div class=\"elementor-divider\">\n\t\t\t<span class=\"elementor-divider-separator\">\n\t\t\t\t\t\t<\/span>\n\t\t<\/div>\n\t\t\t\t\t\t<\/div>\n\t\t\t\t<\/div>\n\t\t\t\t<div class=\"elementor-element elementor-element-61ea263 elementor-widget elementor-widget-text-editor\" data-id=\"61ea263\" data-element_type=\"widget\" data-e-type=\"widget\" data-widget_type=\"text-editor.default\">\n\t\t\t\t<div class=\"elementor-widget-container\">\n\t\t\t\t\t\t\t\t\t<p>Vos r\u00e8glements sont trait\u00e9s par les services de paiement MOLLIE, notre prestataire de confiance assure la s\u00e9curit\u00e9 de vos paiements en ligne et de vos donn\u00e9es personnelles.<\/p>\n<p>Nous proposons plusieurs moyens de paiement : carte bancaire et virement bancaire.<\/p>\n<p>N\u2019h\u00e9sitez pas a nous contacter pour toute question : <a href=\"https:\/\/electric-chain-hoist.com\/fr\/contactez-nous\/\" rel=\"noreferrer noopener\">Contact<\/a><\/p>\n\t\t\t\t\t\t\t\t<\/div>\n\t\t\t\t<\/div>\n\t\t\t\t\t<\/div>\n\t\t<\/div>\n\t\t\t\t<div class=\"elementor-column elementor-col-50 elementor-top-column elementor-element elementor-element-12cbab3\" data-id=\"12cbab3\" data-element_type=\"column\" data-e-type=\"column\">\n\t\t\t<div class=\"elementor-widget-wrap elementor-element-populated\">\n\t\t\t\t\t\t<div class=\"elementor-element elementor-element-3003267 elementor-button-align-stretch elementor-widget elementor-widget-form\" data-id=\"3003267\" data-element_type=\"widget\" data-e-type=\"widget\" data-settings=\"{&quot;button_width&quot;:&quot;30&quot;,&quot;step_next_label&quot;:&quot;Suivant&quot;,&quot;step_previous_label&quot;:&quot;Pr\\u00e9c\\u00e9dent&quot;,&quot;step_type&quot;:&quot;number_text&quot;,&quot;step_icon_shape&quot;:&quot;circle&quot;}\" data-widget_type=\"form.default\">\n\t\t\t\t<div class=\"elementor-widget-container\">\n\t\t\t\t\t\t\t<form class=\"elementor-form\" method=\"post\" name=\"Nouveau formulaire\" aria-label=\"Nouveau formulaire\">\n\t\t\t<input type=\"hidden\" name=\"post_id\" value=\"3799\"\/>\n\t\t\t<input type=\"hidden\" name=\"form_id\" value=\"3003267\"\/>\n\t\t\t<input type=\"hidden\" name=\"referer_title\" value=\"Paiements s\u00e9curis\u00e9s - Hitachi Direct\" \/>\n\n\t\t\t\t\t\t\t<input type=\"hidden\" name=\"queried_id\" value=\"3799\"\/>\n\t\t\t\n\t\t\t<div class=\"elementor-form-fields-wrapper elementor-labels-above\">\n\t\t\t\t\t\t\t\t<div class=\"elementor-field-type-text elementor-field-group elementor-column elementor-field-group-email elementor-col-100 elementor-field-required\">\n\t\t\t\t\t\t\t\t\t\t\t\t<label for=\"form-field-email\" class=\"elementor-field-label\">\n\t\t\t\t\t\t\t\tVotre nom\t\t\t\t\t\t\t<\/label>\n\t\t\t\t\t\t\t\t\t\t\t\t\t\t<input size=\"1\" type=\"text\" name=\"form_fields[email]\" id=\"form-field-email\" class=\"elementor-field elementor-size-md  elementor-field-textual\" required=\"required\">\n\t\t\t\t\t\t\t\t\t\t\t<\/div>\n\t\t\t\t\t\t\t\t<div class=\"elementor-field-type-email elementor-field-group elementor-column elementor-field-group-field_ed94400 elementor-col-100 elementor-field-required\">\n\t\t\t\t\t\t\t\t\t\t\t\t<label for=\"form-field-field_ed94400\" class=\"elementor-field-label\">\n\t\t\t\t\t\t\t\tVotre adresse e-mail\t\t\t\t\t\t\t<\/label>\n\t\t\t\t\t\t\t\t\t\t\t\t\t\t<input size=\"1\" type=\"email\" name=\"form_fields[field_ed94400]\" id=\"form-field-field_ed94400\" class=\"elementor-field elementor-size-md  elementor-field-textual\" required=\"required\">\n\t\t\t\t\t\t\t\t\t\t\t<\/div>\n\t\t\t\t\t\t\t\t<div class=\"elementor-field-type-text elementor-field-group elementor-column elementor-field-group-name elementor-col-100 elementor-field-required\">\n\t\t\t\t\t\t\t\t\t\t\t\t<label for=\"form-field-name\" class=\"elementor-field-label\">\n\t\t\t\t\t\t\t\tSujet\t\t\t\t\t\t\t<\/label>\n\t\t\t\t\t\t\t\t\t\t\t\t\t\t<input size=\"1\" type=\"text\" name=\"form_fields[name]\" id=\"form-field-name\" class=\"elementor-field elementor-size-md  elementor-field-textual\" required=\"required\">\n\t\t\t\t\t\t\t\t\t\t\t<\/div>\n\t\t\t\t\t\t\t\t<div class=\"elementor-field-type-textarea elementor-field-group elementor-column elementor-field-group-message elementor-col-100\">\n\t\t\t\t\t\t\t\t\t\t\t\t<label for=\"form-field-message\" class=\"elementor-field-label\">\n\t\t\t\t\t\t\t\tMessage\t\t\t\t\t\t\t<\/label>\n\t\t\t\t\t\t<textarea class=\"elementor-field-textual elementor-field  elementor-size-md\" name=\"form_fields[message]\" id=\"form-field-message\" rows=\"8\"><\/textarea>\t\t\t\t<\/div>\n\t\t\t\t\t\t\t\t<div class=\"elementor-field-type-recaptcha_v3 elementor-field-group elementor-column elementor-field-group-field_d22c19b elementor-col-100 recaptcha_v3-bottomleft\">\n\t\t\t\t\t<div class=\"elementor-field\" id=\"form-field-field_d22c19b\"><div class=\"elementor-g-recaptcha\" data-sitekey=\"6LdvGjkoAAAAAKaQ9crht49QAmpwtxeSgX59Z9nO\" data-type=\"v3\" data-action=\"Form\" data-badge=\"bottomleft\" data-size=\"invisible\"><\/div><\/div>\t\t\t\t<\/div>\n\t\t\t\t\t\t\t\t<div class=\"elementor-field-group elementor-column elementor-field-type-submit elementor-col-30 e-form__buttons\">\n\t\t\t\t\t<button class=\"elementor-button elementor-size-sm\" type=\"submit\">\n\t\t\t\t\t\t<span class=\"elementor-button-content-wrapper\">\n\t\t\t\t\t\t\t\t\t\t\t\t\t\t\t\t\t\t\t\t\t\t<span class=\"elementor-button-text\">Envoyer<\/span>\n\t\t\t\t\t\t\t\t\t\t\t\t\t<\/span>\n\t\t\t\t\t<\/button>\n\t\t\t\t<\/div>\n\t\t\t<\/div>\n\t\t<\/form>\n\t\t\t\t\t\t<\/div>\n\t\t\t\t<\/div>\n\t\t\t\t\t<\/div>\n\t\t<\/div>\n\t\t\t\t\t<\/div>\n\t\t<\/section>\n\t\t\t\t<\/div>\n\t\t","protected":false},"excerpt":{"rendered":"<p>Paiements s\u00e9curis\u00e9s Paiements s\u00e9curis\u00e9s par Mollie Vos r\u00e8glements sont trait\u00e9s par les services de paiement MOLLIE, notre prestataire de confiance assure la s\u00e9curit\u00e9 de vos paiements en ligne et de vos donn\u00e9es personnelles. Nous proposons plusieurs moyens de paiement : carte bancaire et virement bancaire. N\u2019h\u00e9sitez pas a nous contacter pour toute question : Contact<\/p>\n","protected":false},"author":1,"featured_media":0,"parent":0,"menu_order":0,"comment_status":"closed","ping_status":"closed","template":"elementor_header_footer","meta":{"_acf_changed":false,"footnotes":""},"class_list":["post-3799","page","type-page","status-publish","hentry"],"acf":[],"yoast_head":"<!-- This site is optimized with the Yoast SEO plugin v27.2 - https:\/\/yoast.com\/product\/yoast-seo-wordpress\/ -->\n<title>Paiements s\u00e9curis\u00e9s - Hitachi Direct<\/title>\n<meta name=\"robots\" content=\"index, follow, max-snippet:-1, max-image-preview:large, max-video-preview:-1\" \/>\n<link rel=\"canonical\" href=\"https:\/\/www.electric-chain-hoist.com\/fr\/paiements-securises\/\" \/>\n<meta property=\"og:locale\" content=\"fr_FR\" \/>\n<meta property=\"og:type\" content=\"article\" \/>\n<meta property=\"og:title\" content=\"Paiements s\u00e9curis\u00e9s - Hitachi Direct\" \/>\n<meta property=\"og:description\" content=\"Paiements s\u00e9curis\u00e9s Paiements s\u00e9curis\u00e9s par Mollie Vos r\u00e8glements sont trait\u00e9s par les services de paiement MOLLIE, notre prestataire de confiance assure la s\u00e9curit\u00e9 de vos paiements en ligne et de vos donn\u00e9es personnelles. Nous proposons plusieurs moyens de paiement : carte bancaire et virement bancaire. N\u2019h\u00e9sitez pas a nous contacter pour toute question : Contact\" \/>\n<meta property=\"og:url\" content=\"https:\/\/www.electric-chain-hoist.com\/fr\/paiements-securises\/\" \/>\n<meta property=\"og:site_name\" content=\"Hitachi Direct\" \/>\n<meta property=\"article:publisher\" content=\"https:\/\/www.facebook.com\/HitachiConstructionNederland\" \/>\n<meta property=\"article:modified_time\" content=\"2023-08-23T15:11:50+00:00\" \/>\n<meta name=\"twitter:card\" content=\"summary_large_image\" \/>\n<script type=\"application\/ld+json\" class=\"yoast-schema-graph\">{\"@context\":\"https:\/\/schema.org\",\"@graph\":[{\"@type\":\"WebPage\",\"@id\":\"https:\/\/www.electric-chain-hoist.com\/fr\/paiements-securises\/\",\"url\":\"https:\/\/www.electric-chain-hoist.com\/fr\/paiements-securises\/\",\"name\":\"Paiements s\u00e9curis\u00e9s - Hitachi Direct\",\"isPartOf\":{\"@id\":\"https:\/\/www.electric-chain-hoist.com\/fr\/#website\"},\"datePublished\":\"2021-09-15T15:32:04+00:00\",\"dateModified\":\"2023-08-23T15:11:50+00:00\",\"breadcrumb\":{\"@id\":\"https:\/\/www.electric-chain-hoist.com\/fr\/paiements-securises\/#breadcrumb\"},\"inLanguage\":\"fr-FR\",\"potentialAction\":[{\"@type\":\"ReadAction\",\"target\":[\"https:\/\/www.electric-chain-hoist.com\/fr\/paiements-securises\/\"]}]},{\"@type\":\"BreadcrumbList\",\"@id\":\"https:\/\/www.electric-chain-hoist.com\/fr\/paiements-securises\/#breadcrumb\",\"itemListElement\":[{\"@type\":\"ListItem\",\"position\":1,\"name\":\"Home\",\"item\":\"https:\/\/www.electric-chain-hoist.com\/fr\/\"},{\"@type\":\"ListItem\",\"position\":2,\"name\":\"Paiements s\u00e9curis\u00e9s\"}]},{\"@type\":\"WebSite\",\"@id\":\"https:\/\/www.electric-chain-hoist.com\/fr\/#website\",\"url\":\"https:\/\/www.electric-chain-hoist.com\/fr\/\",\"name\":\"Electric Chain Hoist\",\"description\":\"Exclusive partner Hitachi\",\"publisher\":{\"@id\":\"https:\/\/www.electric-chain-hoist.com\/fr\/#organization\"},\"potentialAction\":[{\"@type\":\"SearchAction\",\"target\":{\"@type\":\"EntryPoint\",\"urlTemplate\":\"https:\/\/www.electric-chain-hoist.com\/fr\/?s={search_term_string}\"},\"query-input\":{\"@type\":\"PropertyValueSpecification\",\"valueRequired\":true,\"valueName\":\"search_term_string\"}}],\"inLanguage\":\"fr-FR\"},{\"@type\":\"Organization\",\"@id\":\"https:\/\/www.electric-chain-hoist.com\/fr\/#organization\",\"name\":\"Hitachi\",\"url\":\"https:\/\/www.electric-chain-hoist.com\/fr\/\",\"logo\":{\"@type\":\"ImageObject\",\"inLanguage\":\"fr-FR\",\"@id\":\"https:\/\/www.electric-chain-hoist.com\/fr\/#\/schema\/logo\/image\/\",\"url\":\"https:\/\/www.electric-chain-hoist.com\/wp-content\/uploads\/2021\/09\/hitachi-directde-logo-1569837249.png\",\"contentUrl\":\"https:\/\/www.electric-chain-hoist.com\/wp-content\/uploads\/2021\/09\/hitachi-directde-logo-1569837249.png\",\"width\":220,\"height\":36,\"caption\":\"Hitachi\"},\"image\":{\"@id\":\"https:\/\/www.electric-chain-hoist.com\/fr\/#\/schema\/logo\/image\/\"},\"sameAs\":[\"https:\/\/www.facebook.com\/HitachiConstructionNederland\",\"https:\/\/www.instagram.com\/hitachi\/\",\"https:\/\/www.linkedin.com\/company\/hitachi\/\"]}]}<\/script>\n<!-- \/ Yoast SEO plugin. -->","yoast_head_json":{"title":"Paiements s\u00e9curis\u00e9s - Hitachi Direct","robots":{"index":"index","follow":"follow","max-snippet":"max-snippet:-1","max-image-preview":"max-image-preview:large","max-video-preview":"max-video-preview:-1"},"canonical":"https:\/\/www.electric-chain-hoist.com\/fr\/paiements-securises\/","og_locale":"fr_FR","og_type":"article","og_title":"Paiements s\u00e9curis\u00e9s - Hitachi Direct","og_description":"Paiements s\u00e9curis\u00e9s Paiements s\u00e9curis\u00e9s par Mollie Vos r\u00e8glements sont trait\u00e9s par les services de paiement MOLLIE, notre prestataire de confiance assure la s\u00e9curit\u00e9 de vos paiements en ligne et de vos donn\u00e9es personnelles. Nous proposons plusieurs moyens de paiement : carte bancaire et virement bancaire. N\u2019h\u00e9sitez pas a nous contacter pour toute question : Contact","og_url":"https:\/\/www.electric-chain-hoist.com\/fr\/paiements-securises\/","og_site_name":"Hitachi Direct","article_publisher":"https:\/\/www.facebook.com\/HitachiConstructionNederland","article_modified_time":"2023-08-23T15:11:50+00:00","twitter_card":"summary_large_image","schema":{"@context":"https:\/\/schema.org","@graph":[{"@type":"WebPage","@id":"https:\/\/www.electric-chain-hoist.com\/fr\/paiements-securises\/","url":"https:\/\/www.electric-chain-hoist.com\/fr\/paiements-securises\/","name":"Paiements s\u00e9curis\u00e9s - Hitachi Direct","isPartOf":{"@id":"https:\/\/www.electric-chain-hoist.com\/fr\/#website"},"datePublished":"2021-09-15T15:32:04+00:00","dateModified":"2023-08-23T15:11:50+00:00","breadcrumb":{"@id":"https:\/\/www.electric-chain-hoist.com\/fr\/paiements-securises\/#breadcrumb"},"inLanguage":"fr-FR","potentialAction":[{"@type":"ReadAction","target":["https:\/\/www.electric-chain-hoist.com\/fr\/paiements-securises\/"]}]},{"@type":"BreadcrumbList","@id":"https:\/\/www.electric-chain-hoist.com\/fr\/paiements-securises\/#breadcrumb","itemListElement":[{"@type":"ListItem","position":1,"name":"Home","item":"https:\/\/www.electric-chain-hoist.com\/fr\/"},{"@type":"ListItem","position":2,"name":"Paiements s\u00e9curis\u00e9s"}]},{"@type":"WebSite","@id":"https:\/\/www.electric-chain-hoist.com\/fr\/#website","url":"https:\/\/www.electric-chain-hoist.com\/fr\/","name":"Electric Chain Hoist","description":"Exclusive partner Hitachi","publisher":{"@id":"https:\/\/www.electric-chain-hoist.com\/fr\/#organization"},"potentialAction":[{"@type":"SearchAction","target":{"@type":"EntryPoint","urlTemplate":"https:\/\/www.electric-chain-hoist.com\/fr\/?s={search_term_string}"},"query-input":{"@type":"PropertyValueSpecification","valueRequired":true,"valueName":"search_term_string"}}],"inLanguage":"fr-FR"},{"@type":"Organization","@id":"https:\/\/www.electric-chain-hoist.com\/fr\/#organization","name":"Hitachi","url":"https:\/\/www.electric-chain-hoist.com\/fr\/","logo":{"@type":"ImageObject","inLanguage":"fr-FR","@id":"https:\/\/www.electric-chain-hoist.com\/fr\/#\/schema\/logo\/image\/","url":"https:\/\/www.electric-chain-hoist.com\/wp-content\/uploads\/2021\/09\/hitachi-directde-logo-1569837249.png","contentUrl":"https:\/\/www.electric-chain-hoist.com\/wp-content\/uploads\/2021\/09\/hitachi-directde-logo-1569837249.png","width":220,"height":36,"caption":"Hitachi"},"image":{"@id":"https:\/\/www.electric-chain-hoist.com\/fr\/#\/schema\/logo\/image\/"},"sameAs":["https:\/\/www.facebook.com\/HitachiConstructionNederland","https:\/\/www.instagram.com\/hitachi\/","https:\/\/www.linkedin.com\/company\/hitachi\/"]}]}},"_links":{"self":[{"href":"https:\/\/www.electric-chain-hoist.com\/fr\/wp-json\/wp\/v2\/pages\/3799","targetHints":{"allow":["GET"]}}],"collection":[{"href":"https:\/\/www.electric-chain-hoist.com\/fr\/wp-json\/wp\/v2\/pages"}],"about":[{"href":"https:\/\/www.electric-chain-hoist.com\/fr\/wp-json\/wp\/v2\/types\/page"}],"author":[{"embeddable":true,"href":"https:\/\/www.electric-chain-hoist.com\/fr\/wp-json\/wp\/v2\/users\/1"}],"replies":[{"embeddable":true,"href":"https:\/\/www.electric-chain-hoist.com\/fr\/wp-json\/wp\/v2\/comments?post=3799"}],"version-history":[{"count":3,"href":"https:\/\/www.electric-chain-hoist.com\/fr\/wp-json\/wp\/v2\/pages\/3799\/revisions"}],"predecessor-version":[{"id":8136,"href":"https:\/\/www.electric-chain-hoist.com\/fr\/wp-json\/wp\/v2\/pages\/3799\/revisions\/8136"}],"wp:attachment":[{"href":"https:\/\/www.electric-chain-hoist.com\/fr\/wp-json\/wp\/v2\/media?parent=3799"}],"curies":[{"name":"wp","href":"https:\/\/api.w.org\/{rel}","templated":true}]}}